{"id":374,"date":"2024-02-13T19:55:53","date_gmt":"2024-02-13T18:55:53","guid":{"rendered":"http:\/\/site-rctm.test\/?page_id=374"},"modified":"2025-10-30T21:30:08","modified_gmt":"2025-10-30T20:30:08","slug":"la-boutique-du-rugby-club-de-montaigu-vendee","status":"publish","type":"page","link":"https:\/\/rugby-club-montaigu-vendee.fr\/index.php\/la-boutique-du-rugby-club-de-montaigu-vendee\/","title":{"rendered":"La boutique Rugby du Rugby Club de Montaigu-Vend\u00e9e"},"content":{"rendered":"\n<h2 class=\"wp-block-heading\">D\u00e9couvrez la boutique officielle du club de rugby de Montaigu, en Vend\u00e9e ! <\/h2>\n\n\n\n<p>Nous sommes ravis de vous pr\u00e9senter la boutique rugby de notre club et notre s\u00e9lection de produits pour tous les passionn\u00e9s de rugby. En partenariat avec la marque de fran\u00e7aise <a href=\"https:\/\/www.skills-sport.fr\/\">Skills Sport<\/a>, nous proposons une gamme compl\u00e8te incluant des sacs, des t-shirts, des polos, des surv\u00eatements, des casquettes, des bonnets et des shorts de qualit\u00e9.<\/p>\n\n\n\n<p>Que vous soyez joueur, supporter ou simplement \u00e0 la recherche de v\u00eatements de qualit\u00e9 fabriqu\u00e9s en France ou en Europe, notre boutique saura r\u00e9pondre \u00e0 vos besoins.<\/p>\n\n\n\n<p>En plus de soutenir votre \u00e9quipe locale, vous optez pour des articles r\u00e9sistants et confortables. <\/p>\n\n\n\n<p>N&rsquo;attendez plus pour arborer fi\u00e8rement vos couleurs et afficher votre soutien au rugby Montaigu et \u00e0 la sc\u00e8ne rugby en Vend\u00e9e. Faites vos achats d\u00e8s aujourd&rsquo;hui et montrez votre passion pour ce sport embl\u00e9matique !<\/p>\n\n\n\n<div class=\"wp-block-buttons is-content-justification-center is-layout-flex wp-container-core-buttons-is-layout-16018d1d wp-block-buttons-is-layout-flex\">\n<div class=\"wp-block-button is-style-primary\"><a class=\"wp-block-button__link wp-element-button\" href=\"https:\/\/www.helloasso.com\/associations\/rugby-club-des-terres-de-montaigu\/boutiques\/boutique-rctm\" target=\"_blank\" rel=\"noreferrer noopener\">D\u00e9couvrez la boutique du RCTM<\/a><\/div>\n<\/div>\n\n\n\n<p><\/p>\n\n\n\n<p>Bienvenue dans notre boutique de rugby, o\u00f9 passion et qualit\u00e9 se rencontrent pour r\u00e9pondre \u00e0 tous vos besoins sportifs ! <br>Notre boutique offre une large gamme d&rsquo;\u00e9quipements, de v\u00eatements et d&rsquo;accessoires d\u00e9di\u00e9s au rugby. Que vous soyez un joueur d\u00e9butant ou exp\u00e9riment\u00e9, nous avons tout ce qu&rsquo;il vous faut pour arborer les couleurs du club sur le terrain et en dehors avec style et confort. Des maillots aux sacs en passant par les tee-shirts et les polo, notre s\u00e9lection est soigneusement choisie pour vous offrir les meilleurs produits aux couleurs du RCTM. <\/p>\n\n\n\n<p>Que vous soyez \u00e0 la recherche de l&rsquo;\u00e9quipement parfait pour votre prochain entrainement ou que vous souhaitiez simplement afficher votre soutien \u00e0 votre \u00e9quipe favorite, notre boutique de rugby est l&rsquo;endroit id\u00e9al pour trouver tout ce dont vous avez besoin. <\/p>\n\n\n\n<p>Rejoignez-nous et faites de chaque match une exp\u00e9rience inoubliable avec notre \u00e9quipement de qualit\u00e9 sup\u00e9rieure!<\/p>\n","protected":false},"excerpt":{"rendered":"<p>D\u00e9couvrez la boutique officielle du club de rugby de Montaigu, en Vend\u00e9e ! Nous sommes ravis de vous pr\u00e9senter la boutique rugby de notre club et notre s\u00e9lection de produits pour tous les passionn\u00e9s de rugby. En partenariat avec la marque de fran\u00e7aise Skills Sport, nous proposons une gamme compl\u00e8te incluant des sacs, des t-shirts,&hellip;&nbsp;<a href=\"https:\/\/rugby-club-montaigu-vendee.fr\/index.php\/la-boutique-du-rugby-club-de-montaigu-vendee\/\" class=\"\" rel=\"bookmark\">Lire la suite &raquo;<span class=\"screen-reader-text\">La boutique Rugby du Rugby Club de Montaigu-Vend\u00e9e<\/span><\/a><\/p>\n","protected":false},"author":1,"featured_media":0,"parent":0,"menu_order":0,"comment_status":"closed","ping_status":"closed","template":"","meta":{"om_disable_all_campaigns":false,"_monsterinsights_skip_tracking":false,"_monsterinsights_sitenote_active":false,"_monsterinsights_sitenote_note":"","_monsterinsights_sitenote_category":0,"neve_meta_sidebar":"","neve_meta_container":"","neve_meta_enable_content_width":"","neve_meta_content_width":0,"neve_meta_title_alignment":"","neve_meta_author_avatar":"","neve_post_elements_order":"","neve_meta_disable_header":"","neve_meta_disable_footer":"","neve_meta_disable_title":"","footnotes":""},"class_list":["post-374","page","type-page","status-publish","hentry"],"yoast_head":"<!-- This site is optimized with the Yoast SEO plugin v26.2 - https:\/\/yoast.com\/wordpress\/plugins\/seo\/ -->\n<title>D\u00e9couvrez la boutique du Rugby Club de Terres de Montaigu<\/title>\n<meta name=\"description\" content=\"Retrouvez notre Boutique de Rugby : des produits pour les passionn\u00e9s, en partenariat avec Go Impression d\u00e9couvrez une s\u00e9lection d&#039;accessoires\" \/>\n<meta name=\"robots\" content=\"index, follow, max-snippet:-1, max-image-preview:large, max-video-preview:-1\" \/>\n<link rel=\"canonical\" href=\"https:\/\/rugby-club-montaigu.fr\/index.php\/la-boutique-du-rugby-club-de-montaigu-vendee\/\" \/>\n<meta property=\"og:locale\" content=\"fr_FR\" \/>\n<meta property=\"og:type\" content=\"article\" \/>\n<meta property=\"og:title\" content=\"D\u00e9couvrez la boutique du Rugby Club de Terres de Montaigu\" \/>\n<meta property=\"og:description\" content=\"Retrouvez notre Boutique de Rugby : des produits pour les passionn\u00e9s, en partenariat avec Go Impression d\u00e9couvrez une s\u00e9lection d&#039;accessoires\" \/>\n<meta property=\"og:url\" content=\"https:\/\/rugby-club-montaigu.fr\/index.php\/la-boutique-du-rugby-club-de-montaigu-vendee\/\" \/>\n<meta property=\"og:site_name\" content=\"Rugby Club Terres de Montaigu - Vend\u00e9e\" \/>\n<meta property=\"article:publisher\" content=\"https:\/\/fr-fr.facebook.com\/rugbyclubdesterresdemontaigu\/\" \/>\n<meta property=\"article:modified_time\" content=\"2025-10-30T20:30:08+00:00\" \/>\n<meta name=\"twitter:card\" content=\"summary_large_image\" \/>\n<meta name=\"twitter:label1\" content=\"Dur\u00e9e de lecture estim\u00e9e\" \/>\n\t<meta name=\"twitter:data1\" content=\"2 minutes\" \/>\n<script type=\"application\/ld+json\" class=\"yoast-schema-graph\">{\"@context\":\"https:\/\/schema.org\",\"@graph\":[{\"@type\":\"WebPage\",\"@id\":\"https:\/\/rugby-club-montaigu.fr\/index.php\/la-boutique-du-rugby-club-de-montaigu-vendee\/\",\"url\":\"https:\/\/rugby-club-montaigu.fr\/index.php\/la-boutique-du-rugby-club-de-montaigu-vendee\/\",\"name\":\"D\u00e9couvrez la boutique du Rugby Club de Terres de Montaigu\",\"isPartOf\":{\"@id\":\"https:\/\/rugbyclubmontaiguvendee.com\/#website\"},\"datePublished\":\"2024-02-13T18:55:53+00:00\",\"dateModified\":\"2025-10-30T20:30:08+00:00\",\"description\":\"Retrouvez notre Boutique de Rugby : des produits pour les passionn\u00e9s, en partenariat avec Go Impression d\u00e9couvrez une s\u00e9lection d'accessoires\",\"breadcrumb\":{\"@id\":\"https:\/\/rugby-club-montaigu.fr\/index.php\/la-boutique-du-rugby-club-de-montaigu-vendee\/#breadcrumb\"},\"inLanguage\":\"fr-FR\",\"potentialAction\":[{\"@type\":\"ReadAction\",\"target\":[\"https:\/\/rugby-club-montaigu.fr\/index.php\/la-boutique-du-rugby-club-de-montaigu-vendee\/\"]}]},{\"@type\":\"BreadcrumbList\",\"@id\":\"https:\/\/rugby-club-montaigu.fr\/index.php\/la-boutique-du-rugby-club-de-montaigu-vendee\/#breadcrumb\",\"itemListElement\":[{\"@type\":\"ListItem\",\"position\":1,\"name\":\"Accueil\",\"item\":\"https:\/\/rugbyclubmontaiguvendee.com\/\"},{\"@type\":\"ListItem\",\"position\":2,\"name\":\"La boutique Rugby du Rugby Club de Montaigu-Vend\u00e9e\"}]},{\"@type\":\"WebSite\",\"@id\":\"https:\/\/rugbyclubmontaiguvendee.com\/#website\",\"url\":\"https:\/\/rugbyclubmontaiguvendee.com\/\",\"name\":\"Rugby Club Terre de Montaigu - Vend\u00e9e\",\"description\":\"Rejoignez l&#039;aventure\",\"publisher\":{\"@id\":\"https:\/\/rugbyclubmontaiguvendee.com\/#organization\"},\"potentialAction\":[{\"@type\":\"SearchAction\",\"target\":{\"@type\":\"EntryPoint\",\"urlTemplate\":\"https:\/\/rugbyclubmontaiguvendee.com\/?s={search_term_string}\"},\"query-input\":{\"@type\":\"PropertyValueSpecification\",\"valueRequired\":true,\"valueName\":\"search_term_string\"}}],\"inLanguage\":\"fr-FR\"},{\"@type\":\"Organization\",\"@id\":\"https:\/\/rugbyclubmontaiguvendee.com\/#organization\",\"name\":\"Rugby Club Terre de Montaigu - Vend\u00e9e\",\"url\":\"https:\/\/rugbyclubmontaiguvendee.com\/\",\"logo\":{\"@type\":\"ImageObject\",\"inLanguage\":\"fr-FR\",\"@id\":\"https:\/\/rugbyclubmontaiguvendee.com\/#\/schema\/logo\/image\/\",\"url\":\"https:\/\/rugby-club-montaigu-vendee.fr\/wp-content\/uploads\/2024\/01\/cropped-logo-RCTM-120X150.png\",\"contentUrl\":\"https:\/\/rugby-club-montaigu-vendee.fr\/wp-content\/uploads\/2024\/01\/cropped-logo-RCTM-120X150.png\",\"width\":120,\"height\":150,\"caption\":\"Rugby Club Terre de Montaigu - Vend\u00e9e\"},\"image\":{\"@id\":\"https:\/\/rugbyclubmontaiguvendee.com\/#\/schema\/logo\/image\/\"},\"sameAs\":[\"https:\/\/fr-fr.facebook.com\/rugbyclubdesterresdemontaigu\/\",\"https:\/\/www.instagram.com\/edr_rctm85\/\"]}]}<\/script>\n<!-- \/ Yoast SEO plugin. -->","yoast_head_json":{"title":"D\u00e9couvrez la boutique du Rugby Club de Terres de Montaigu","description":"Retrouvez notre Boutique de Rugby : des produits pour les passionn\u00e9s, en partenariat avec Go Impression d\u00e9couvrez une s\u00e9lection d'accessoires","robots":{"index":"index","follow":"follow","max-snippet":"max-snippet:-1","max-image-preview":"max-image-preview:large","max-video-preview":"max-video-preview:-1"},"canonical":"https:\/\/rugby-club-montaigu.fr\/index.php\/la-boutique-du-rugby-club-de-montaigu-vendee\/","og_locale":"fr_FR","og_type":"article","og_title":"D\u00e9couvrez la boutique du Rugby Club de Terres de Montaigu","og_description":"Retrouvez notre Boutique de Rugby : des produits pour les passionn\u00e9s, en partenariat avec Go Impression d\u00e9couvrez une s\u00e9lection d'accessoires","og_url":"https:\/\/rugby-club-montaigu.fr\/index.php\/la-boutique-du-rugby-club-de-montaigu-vendee\/","og_site_name":"Rugby Club Terres de Montaigu - Vend\u00e9e","article_publisher":"https:\/\/fr-fr.facebook.com\/rugbyclubdesterresdemontaigu\/","article_modified_time":"2025-10-30T20:30:08+00:00","twitter_card":"summary_large_image","twitter_misc":{"Dur\u00e9e de lecture estim\u00e9e":"2 minutes"},"schema":{"@context":"https:\/\/schema.org","@graph":[{"@type":"WebPage","@id":"https:\/\/rugby-club-montaigu.fr\/index.php\/la-boutique-du-rugby-club-de-montaigu-vendee\/","url":"https:\/\/rugby-club-montaigu.fr\/index.php\/la-boutique-du-rugby-club-de-montaigu-vendee\/","name":"D\u00e9couvrez la boutique du Rugby Club de Terres de Montaigu","isPartOf":{"@id":"https:\/\/rugbyclubmontaiguvendee.com\/#website"},"datePublished":"2024-02-13T18:55:53+00:00","dateModified":"2025-10-30T20:30:08+00:00","description":"Retrouvez notre Boutique de Rugby : des produits pour les passionn\u00e9s, en partenariat avec Go Impression d\u00e9couvrez une s\u00e9lection d'accessoires","breadcrumb":{"@id":"https:\/\/rugby-club-montaigu.fr\/index.php\/la-boutique-du-rugby-club-de-montaigu-vendee\/#breadcrumb"},"inLanguage":"fr-FR","potentialAction":[{"@type":"ReadAction","target":["https:\/\/rugby-club-montaigu.fr\/index.php\/la-boutique-du-rugby-club-de-montaigu-vendee\/"]}]},{"@type":"BreadcrumbList","@id":"https:\/\/rugby-club-montaigu.fr\/index.php\/la-boutique-du-rugby-club-de-montaigu-vendee\/#breadcrumb","itemListElement":[{"@type":"ListItem","position":1,"name":"Accueil","item":"https:\/\/rugbyclubmontaiguvendee.com\/"},{"@type":"ListItem","position":2,"name":"La boutique Rugby du Rugby Club de Montaigu-Vend\u00e9e"}]},{"@type":"WebSite","@id":"https:\/\/rugbyclubmontaiguvendee.com\/#website","url":"https:\/\/rugbyclubmontaiguvendee.com\/","name":"Rugby Club Terre de Montaigu - Vend\u00e9e","description":"Rejoignez l&#039;aventure","publisher":{"@id":"https:\/\/rugbyclubmontaiguvendee.com\/#organization"},"potentialAction":[{"@type":"SearchAction","target":{"@type":"EntryPoint","urlTemplate":"https:\/\/rugbyclubmontaiguvendee.com\/?s={search_term_string}"},"query-input":{"@type":"PropertyValueSpecification","valueRequired":true,"valueName":"search_term_string"}}],"inLanguage":"fr-FR"},{"@type":"Organization","@id":"https:\/\/rugbyclubmontaiguvendee.com\/#organization","name":"Rugby Club Terre de Montaigu - Vend\u00e9e","url":"https:\/\/rugbyclubmontaiguvendee.com\/","logo":{"@type":"ImageObject","inLanguage":"fr-FR","@id":"https:\/\/rugbyclubmontaiguvendee.com\/#\/schema\/logo\/image\/","url":"https:\/\/rugby-club-montaigu-vendee.fr\/wp-content\/uploads\/2024\/01\/cropped-logo-RCTM-120X150.png","contentUrl":"https:\/\/rugby-club-montaigu-vendee.fr\/wp-content\/uploads\/2024\/01\/cropped-logo-RCTM-120X150.png","width":120,"height":150,"caption":"Rugby Club Terre de Montaigu - Vend\u00e9e"},"image":{"@id":"https:\/\/rugbyclubmontaiguvendee.com\/#\/schema\/logo\/image\/"},"sameAs":["https:\/\/fr-fr.facebook.com\/rugbyclubdesterresdemontaigu\/","https:\/\/www.instagram.com\/edr_rctm85\/"]}]}},"_links":{"self":[{"href":"https:\/\/rugby-club-montaigu-vendee.fr\/index.php\/wp-json\/wp\/v2\/pages\/374","targetHints":{"allow":["GET"]}}],"collection":[{"href":"https:\/\/rugby-club-montaigu-vendee.fr\/index.php\/wp-json\/wp\/v2\/pages"}],"about":[{"href":"https:\/\/rugby-club-montaigu-vendee.fr\/index.php\/wp-json\/wp\/v2\/types\/page"}],"author":[{"embeddable":true,"href":"https:\/\/rugby-club-montaigu-vendee.fr\/index.php\/wp-json\/wp\/v2\/users\/1"}],"replies":[{"embeddable":true,"href":"https:\/\/rugby-club-montaigu-vendee.fr\/index.php\/wp-json\/wp\/v2\/comments?post=374"}],"version-history":[{"count":5,"href":"https:\/\/rugby-club-montaigu-vendee.fr\/index.php\/wp-json\/wp\/v2\/pages\/374\/revisions"}],"predecessor-version":[{"id":806,"href":"https:\/\/rugby-club-montaigu-vendee.fr\/index.php\/wp-json\/wp\/v2\/pages\/374\/revisions\/806"}],"wp:attachment":[{"href":"https:\/\/rugby-club-montaigu-vendee.fr\/index.php\/wp-json\/wp\/v2\/media?parent=374"}],"curies":[{"name":"wp","href":"https:\/\/api.w.org\/{rel}","templated":true}]}}